{"id":890,"date":"2016-01-21T12:33:57","date_gmt":"2016-01-21T11:33:57","guid":{"rendered":"http:\/\/www.essere-associes.com\/newsletters"},"modified":"2018-01-09T10:01:42","modified_gmt":"2018-01-09T09:01:42","slug":"newsletters","status":"publish","type":"page","link":"https:\/\/www.essere-associes.com\/en\/newsletters","title":{"rendered":"Newsletters"},"content":{"rendered":"","protected":true},"excerpt":{"rendered":"","protected":true},"author":1,"featured_media":0,"parent":0,"menu_order":-1,"comment_status":"closed","ping_status":"closed","template":"page-newsletter.php","meta":{"_acf_changed":false,"_monsterinsights_skip_tracking":false,"_monsterinsights_sitenote_active":false,"_monsterinsights_sitenote_note":"","_monsterinsights_sitenote_category":0,"footnotes":""},"class_list":["post-890","page","type-page","status-publish","post-password-required","hentry"],"acf":[],"yoast_head":"<!-- This site is optimized with the Yoast SEO plugin v27.2 - https:\/\/yoast.com\/product\/yoast-seo-wordpress\/ -->\n<title>Essere Associ\u00e9s - Gouvernance et r\u00e9mun\u00e9ration des dirigeants<\/title>\n<meta name=\"description\" content=\"Essere Associ\u00e9s est un cabinet de conseil en gouvernance et r\u00e9mun\u00e9ration des dirigeants, bas\u00e9 \u00e0 Paris.\" \/>\n<meta name=\"robots\" content=\"index, follow, max-snippet:-1, max-image-preview:large, max-video-preview:-1\" \/>\n<link rel=\"canonical\" href=\"https:\/\/www.essere-associes.com\/en\/newsletters\" \/>\n<meta property=\"og:locale\" content=\"en_US\" \/>\n<meta property=\"og:type\" content=\"article\" \/>\n<meta property=\"og:title\" content=\"Essere Associ\u00e9s - Gouvernance et r\u00e9mun\u00e9ration des dirigeants\" \/>\n<meta property=\"og:description\" content=\"Essere Associ\u00e9s est un cabinet de conseil en gouvernance et r\u00e9mun\u00e9ration des dirigeants, bas\u00e9 \u00e0 Paris.\" \/>\n<meta property=\"og:url\" content=\"https:\/\/www.essere-associes.com\/en\/newsletters\" \/>\n<meta property=\"og:site_name\" content=\"essere associes\" \/>\n<meta property=\"article:modified_time\" content=\"2018-01-09T09:01:42+00:00\" \/>\n<script type=\"application\/ld+json\" class=\"yoast-schema-graph\">{\"@context\":\"https:\/\/schema.org\",\"@graph\":[{\"@type\":\"WebPage\",\"@id\":\"https:\/\/www.essere-associes.com\/en\/newsletters\",\"url\":\"https:\/\/www.essere-associes.com\/en\/newsletters\",\"name\":\"Essere Associ\u00e9s - Gouvernance et r\u00e9mun\u00e9ration des dirigeants\",\"isPartOf\":{\"@id\":\"https:\/\/www.essere-associes.com\/#website\"},\"datePublished\":\"2016-01-21T11:33:57+00:00\",\"dateModified\":\"2018-01-09T09:01:42+00:00\",\"breadcrumb\":{\"@id\":\"https:\/\/www.essere-associes.com\/en\/newsletters#breadcrumb\"},\"inLanguage\":\"en-US\"},{\"@type\":\"WebSite\",\"@id\":\"https:\/\/www.essere-associes.com\/#website\",\"url\":\"https:\/\/www.essere-associes.com\/\",\"name\":\"essere associes\",\"description\":\"Un site utilisant WordPress\",\"potentialAction\":[{\"@type\":\"SearchAction\",\"target\":{\"@type\":\"EntryPoint\",\"urlTemplate\":\"https:\/\/www.essere-associes.com\/?s={search_term_string}\"},\"query-input\":{\"@type\":\"PropertyValueSpecification\",\"valueRequired\":true,\"valueName\":\"search_term_string\"}}],\"inLanguage\":\"en-US\"}]}<\/script>\n<!-- \/ Yoast SEO plugin. -->","yoast_head_json":{"title":"Essere Associ\u00e9s - Gouvernance et r\u00e9mun\u00e9ration des dirigeants","description":"Essere Associ\u00e9s est un cabinet de conseil en gouvernance et r\u00e9mun\u00e9ration des dirigeants, bas\u00e9 \u00e0 Paris.","robots":{"index":"index","follow":"follow","max-snippet":"max-snippet:-1","max-image-preview":"max-image-preview:large","max-video-preview":"max-video-preview:-1"},"canonical":"https:\/\/www.essere-associes.com\/en\/newsletters","og_locale":"en_US","og_type":"article","og_title":"Essere Associ\u00e9s - Gouvernance et r\u00e9mun\u00e9ration des dirigeants","og_description":"Essere Associ\u00e9s est un cabinet de conseil en gouvernance et r\u00e9mun\u00e9ration des dirigeants, bas\u00e9 \u00e0 Paris.","og_url":"https:\/\/www.essere-associes.com\/en\/newsletters","og_site_name":"essere associes","article_modified_time":"2018-01-09T09:01:42+00:00","schema":{"@context":"https:\/\/schema.org","@graph":[{"@type":"WebPage","@id":"https:\/\/www.essere-associes.com\/en\/newsletters","url":"https:\/\/www.essere-associes.com\/en\/newsletters","name":"Essere Associ\u00e9s - Gouvernance et r\u00e9mun\u00e9ration des dirigeants","isPartOf":{"@id":"https:\/\/www.essere-associes.com\/#website"},"datePublished":"2016-01-21T11:33:57+00:00","dateModified":"2018-01-09T09:01:42+00:00","breadcrumb":{"@id":"https:\/\/www.essere-associes.com\/en\/newsletters#breadcrumb"},"inLanguage":"en-US"},{"@type":"WebSite","@id":"https:\/\/www.essere-associes.com\/#website","url":"https:\/\/www.essere-associes.com\/","name":"essere associes","description":"Un site utilisant WordPress","potentialAction":[{"@type":"SearchAction","target":{"@type":"EntryPoint","urlTemplate":"https:\/\/www.essere-associes.com\/?s={search_term_string}"},"query-input":{"@type":"PropertyValueSpecification","valueRequired":true,"valueName":"search_term_string"}}],"inLanguage":"en-US"}]}},"_links":{"self":[{"href":"https:\/\/www.essere-associes.com\/en\/wp-json\/wp\/v2\/pages\/890","targetHints":{"allow":["GET"]}}],"collection":[{"href":"https:\/\/www.essere-associes.com\/en\/wp-json\/wp\/v2\/pages"}],"about":[{"href":"https:\/\/www.essere-associes.com\/en\/wp-json\/wp\/v2\/types\/page"}],"author":[{"embeddable":true,"href":"https:\/\/www.essere-associes.com\/en\/wp-json\/wp\/v2\/users\/1"}],"replies":[{"embeddable":true,"href":"https:\/\/www.essere-associes.com\/en\/wp-json\/wp\/v2\/comments?post=890"}],"version-history":[{"count":0,"href":"https:\/\/www.essere-associes.com\/en\/wp-json\/wp\/v2\/pages\/890\/revisions"}],"wp:attachment":[{"href":"https:\/\/www.essere-associes.com\/en\/wp-json\/wp\/v2\/media?parent=890"}],"curies":[{"name":"wp","href":"https:\/\/api.w.org\/{rel}","templated":true}]}}