{"id":889,"date":"2013-06-25T23:27:56","date_gmt":"2013-06-25T22:27:56","guid":{"rendered":"http:\/\/www.essere-associes.com\/domaine-dintervention"},"modified":"2017-05-11T16:24:11","modified_gmt":"2017-05-11T15:24:11","slug":"services","status":"publish","type":"page","link":"https:\/\/www.essere-associes.com\/en\/services","title":{"rendered":"Services"},"content":{"rendered":"","protected":false},"excerpt":{"rendered":"","protected":false},"author":1,"featured_media":0,"parent":0,"menu_order":0,"comment_status":"closed","ping_status":"closed","template":"page-dossiers.php","meta":{"_acf_changed":false,"_monsterinsights_skip_tracking":false,"_monsterinsights_sitenote_active":false,"_monsterinsights_sitenote_note":"","_monsterinsights_sitenote_category":0,"footnotes":""},"class_list":["post-889","page","type-page","status-publish","hentry"],"acf":[],"yoast_head":"<!-- This site is optimized with the Yoast SEO plugin v27.2 - https:\/\/yoast.com\/product\/yoast-seo-wordpress\/ -->\n<title>Essere Associ\u00e9s - Nous vous aidons<\/title>\n<meta name=\"description\" content=\"D\u00e9couvrez en d\u00e9tails l&#039;ensemble de nos services : gouvernance, statut des mandataires sociaux, r\u00e9mun\u00e9ration de la performance, protection des dirigeants...\" \/>\n<meta name=\"robots\" content=\"index, follow, max-snippet:-1, max-image-preview:large, max-video-preview:-1\" \/>\n<link rel=\"canonical\" href=\"https:\/\/www.essere-associes.com\/en\/services\" \/>\n<meta property=\"og:locale\" content=\"en_US\" \/>\n<meta property=\"og:type\" content=\"article\" \/>\n<meta property=\"og:title\" content=\"Essere Associ\u00e9s - Nous vous aidons\" \/>\n<meta property=\"og:description\" content=\"D\u00e9couvrez en d\u00e9tails l&#039;ensemble de nos services : gouvernance, statut des mandataires sociaux, r\u00e9mun\u00e9ration de la performance, protection des dirigeants...\" \/>\n<meta property=\"og:url\" content=\"https:\/\/www.essere-associes.com\/en\/services\" \/>\n<meta property=\"og:site_name\" content=\"essere associes\" \/>\n<meta property=\"article:modified_time\" content=\"2017-05-11T15:24:11+00:00\" \/>\n<script type=\"application\/ld+json\" class=\"yoast-schema-graph\">{\"@context\":\"https:\/\/schema.org\",\"@graph\":[{\"@type\":\"WebPage\",\"@id\":\"https:\/\/www.essere-associes.com\/en\/services\",\"url\":\"https:\/\/www.essere-associes.com\/en\/services\",\"name\":\"Essere Associ\u00e9s - Nous vous aidons\",\"isPartOf\":{\"@id\":\"https:\/\/www.essere-associes.com\/#website\"},\"datePublished\":\"2013-06-25T22:27:56+00:00\",\"dateModified\":\"2017-05-11T15:24:11+00:00\",\"description\":\"D\u00e9couvrez en d\u00e9tails l'ensemble de nos services : gouvernance, statut des mandataires sociaux, r\u00e9mun\u00e9ration de la performance, protection des dirigeants...\",\"inLanguage\":\"en-US\",\"potentialAction\":[{\"@type\":\"ReadAction\",\"target\":[\"https:\/\/www.essere-associes.com\/en\/services\"]}]},{\"@type\":\"WebSite\",\"@id\":\"https:\/\/www.essere-associes.com\/#website\",\"url\":\"https:\/\/www.essere-associes.com\/\",\"name\":\"essere associes\",\"description\":\"Un site utilisant WordPress\",\"potentialAction\":[{\"@type\":\"SearchAction\",\"target\":{\"@type\":\"EntryPoint\",\"urlTemplate\":\"https:\/\/www.essere-associes.com\/?s={search_term_string}\"},\"query-input\":{\"@type\":\"PropertyValueSpecification\",\"valueRequired\":true,\"valueName\":\"search_term_string\"}}],\"inLanguage\":\"en-US\"}]}<\/script>\n<!-- \/ Yoast SEO plugin. -->","yoast_head_json":{"title":"Essere Associ\u00e9s - Nous vous aidons","description":"D\u00e9couvrez en d\u00e9tails l'ensemble de nos services : gouvernance, statut des mandataires sociaux, r\u00e9mun\u00e9ration de la performance, protection des dirigeants...","robots":{"index":"index","follow":"follow","max-snippet":"max-snippet:-1","max-image-preview":"max-image-preview:large","max-video-preview":"max-video-preview:-1"},"canonical":"https:\/\/www.essere-associes.com\/en\/services","og_locale":"en_US","og_type":"article","og_title":"Essere Associ\u00e9s - Nous vous aidons","og_description":"D\u00e9couvrez en d\u00e9tails l'ensemble de nos services : gouvernance, statut des mandataires sociaux, r\u00e9mun\u00e9ration de la performance, protection des dirigeants...","og_url":"https:\/\/www.essere-associes.com\/en\/services","og_site_name":"essere associes","article_modified_time":"2017-05-11T15:24:11+00:00","schema":{"@context":"https:\/\/schema.org","@graph":[{"@type":"WebPage","@id":"https:\/\/www.essere-associes.com\/en\/services","url":"https:\/\/www.essere-associes.com\/en\/services","name":"Essere Associ\u00e9s - Nous vous aidons","isPartOf":{"@id":"https:\/\/www.essere-associes.com\/#website"},"datePublished":"2013-06-25T22:27:56+00:00","dateModified":"2017-05-11T15:24:11+00:00","description":"D\u00e9couvrez en d\u00e9tails l'ensemble de nos services : gouvernance, statut des mandataires sociaux, r\u00e9mun\u00e9ration de la performance, protection des dirigeants...","inLanguage":"en-US","potentialAction":[{"@type":"ReadAction","target":["https:\/\/www.essere-associes.com\/en\/services"]}]},{"@type":"WebSite","@id":"https:\/\/www.essere-associes.com\/#website","url":"https:\/\/www.essere-associes.com\/","name":"essere associes","description":"Un site utilisant WordPress","potentialAction":[{"@type":"SearchAction","target":{"@type":"EntryPoint","urlTemplate":"https:\/\/www.essere-associes.com\/?s={search_term_string}"},"query-input":{"@type":"PropertyValueSpecification","valueRequired":true,"valueName":"search_term_string"}}],"inLanguage":"en-US"}]}},"_links":{"self":[{"href":"https:\/\/www.essere-associes.com\/en\/wp-json\/wp\/v2\/pages\/889","targetHints":{"allow":["GET"]}}],"collection":[{"href":"https:\/\/www.essere-associes.com\/en\/wp-json\/wp\/v2\/pages"}],"about":[{"href":"https:\/\/www.essere-associes.com\/en\/wp-json\/wp\/v2\/types\/page"}],"author":[{"embeddable":true,"href":"https:\/\/www.essere-associes.com\/en\/wp-json\/wp\/v2\/users\/1"}],"replies":[{"embeddable":true,"href":"https:\/\/www.essere-associes.com\/en\/wp-json\/wp\/v2\/comments?post=889"}],"version-history":[{"count":0,"href":"https:\/\/www.essere-associes.com\/en\/wp-json\/wp\/v2\/pages\/889\/revisions"}],"wp:attachment":[{"href":"https:\/\/www.essere-associes.com\/en\/wp-json\/wp\/v2\/media?parent=889"}],"curies":[{"name":"wp","href":"https:\/\/api.w.org\/{rel}","templated":true}]}}